{"id":13629,"date":"2014-03-25T09:29:10","date_gmt":"2014-03-25T09:29:10","guid":{"rendered":"http:\/\/demo.qodeinteractive.com\/bridge11\/?page_id=13629"},"modified":"2024-03-03T05:00:52","modified_gmt":"2024-03-03T05:00:52","slug":"cover-boxes","status":"publish","type":"page","link":"https:\/\/almaga.pe\/?page_id=13629","title":{"rendered":"Servicios"},"content":{"rendered":"<section class=\"wpb-content-wrapper\"><p>[vc_row css_animation=\u00bb\u00bb row_type=\u00bbrow\u00bb use_row_as_full_screen_section=\u00bbno\u00bb type=\u00bbgrid\u00bb angled_section=\u00bbno\u00bb text_align=\u00bbleft\u00bb background_image_as_pattern=\u00bbwithout_pattern\u00bb padding_top=\u00bb150&#8243; background_color=\u00bb#ffffff\u00bb padding_bottom=\u00bb95&#8243; z_index=\u00bb\u00bb][vc_column][vc_column_text]<\/p>\n<h2 style=\"text-align: center;\">NUESTROS SERVICIOS<\/h2>\n<p>[\/vc_column_text][vc_separator type=\u00bbsmall\u00bb position=\u00bbcenter\u00bb down=\u00bb38&#8243; up=\u00bb7&#8243;][vc_separator type=\u00bbtransparent\u00bb up=\u00bb62&#8243; down=\u00bb15&#8243;]<div class='cover_boxes' data-active-element='1'><ul class='clearfix'><li><div class='box'><a itemprop='url' class='thumb' href='https:\/\/almaga.pe\/?page_id=15282' target='_self'><img itemprop='image' alt='Limpieza Integral Especializada' src='https:\/\/almaga.pe\/wp-content\/uploads\/2022\/06\/servicios01.png' \/><\/a><div class='box_content'><h3 >Limpieza Integral Especializada<\/h3><p >Garantizamos un ambiente limpio y las condiciones higi\u00e9nicas para el \u00f3ptimo desarrollo de sus actividades profesionales.<\/p><a itemprop='url' class='qbutton tiny' href='https:\/\/almaga.pe\/?page_id=15282' target='_self'>M\u00e1s Informaci\u00f3n<\/a><\/div><\/div><\/li><li><div class='box'><a itemprop='url' class='thumb' href='https:\/\/almaga.pe\/?page_id=15282' target='_self'><img itemprop='image' alt='Saneamiento Ambiental y Control de Plagas' src='https:\/\/almaga.pe\/wp-content\/uploads\/2022\/06\/servicios02.png' \/><\/a><div class='box_content'><h3 >Saneamiento Ambiental y Control de Plagas<\/h3><p >Nuestra principal preocupaci\u00f3n es lograr que su instalaci\u00f3n no tenga incidencias de ning\u00fan tipo de plagas.<\/p><a itemprop='url' class='qbutton tiny' href='https:\/\/almaga.pe\/?page_id=15282' target='_self'>M\u00e1s Informaci\u00f3n<\/a><\/div><\/div><\/li><li><div class='box'><a itemprop='url' class='thumb' href='https:\/\/almaga.pe\/?page_id=15282' target='_self'><img itemprop='image' alt='Mantenimiento general de instalaciones' src='https:\/\/almaga.pe\/wp-content\/uploads\/2022\/05\/image03.png' \/><\/a><div class='box_content'><h3 >Mantenimiento general de instalaciones<\/h3><p >Ofrecemos soluciones para que sus equipos e instalaciones est\u00e9n en un \u00f3ptimo estado.<\/p><a itemprop='url' class='qbutton tiny' href='https:\/\/almaga.pe\/?page_id=15282' target='_self'>M\u00e1s Informaci\u00f3n<\/a><\/div><\/div><\/li><\/ul><\/div>[vc_separator type=\u00bbtransparent\u00bb up=\u00bb26&#8243; down=\u00bb0&#8243;]<div class='cover_boxes' data-active-element='2'><ul class='clearfix'><li><div class='box'><a itemprop='url' class='thumb' href='https:\/\/almaga.pe\/?page_id=15282' target='_self'><img itemprop='image' alt='Servicios de Jardiner\u00eda' src='https:\/\/almaga.pe\/wp-content\/uploads\/2022\/06\/servicios03.png' \/><\/a><div class='box_content'><h3 >Servicios de Jardiner\u00eda<\/h3><p >Nos encargamos del mantenimiento de jardines. reposici\u00f3n de plantas, dise\u00f1o y decoraci\u00f3n de exteriores.<\/p><h5><a itemprop='url' class='cover_boxes_read_more' href='https:\/\/almaga.pe\/?page_id=15282' target='_self'>M\u00e1s Informaci\u00f3n<\/a><\/h5><\/div><\/div><\/li><li><div class='box'><a itemprop='url' class='thumb' href='https:\/\/almaga.pe\/?page_id=15282' target='_self'><img itemprop='image' alt='Suministro de Productos de Limpieza' src='https:\/\/almaga.pe\/wp-content\/uploads\/2022\/06\/servicios04.png' \/><\/a><div class='box_content'><h3 >Suministro de Productos de Limpieza<\/h3><p >Materiales y suministros de limpieza (papel higi\u00e9nico, papel toalla, jab\u00f3n y otros)<\/p><h5><a itemprop='url' class='cover_boxes_read_more' href='https:\/\/almaga.pe\/?page_id=15282' target='_self'>M\u00e1s Informaci\u00f3n<\/a><\/h5><\/div><\/div><\/li><li><div class='box'><a itemprop='url' class='thumb' href='https:\/\/almaga.pe\/?page_id=15282' target='_self'><img itemprop='image' alt='Mantenimiento, recarga y venta de extintores' src='https:\/\/almaga.pe\/wp-content\/uploads\/2022\/06\/imageextintores-.jpg' \/><\/a><div class='box_content'><h3 >Mantenimiento, recarga y venta de extintores<\/h3><p >Recarga de Extintores nacionales, importados y venta de equipos nuevos.<\/p><h5><a itemprop='url' class='cover_boxes_read_more' href='https:\/\/almaga.pe\/?page_id=15282' target='_self'>M\u00e1s Informaci\u00f3n<\/a><\/h5><\/div><\/div><\/li><\/ul><\/div>[\/vc_column][\/vc_row]<\/p>\n<\/section>","protected":false},"excerpt":{"rendered":"<p>[vc_row css_animation=\u00bb\u00bb row_type=\u00bbrow\u00bb use_row_as_full_screen_section=\u00bbno\u00bb type=\u00bbgrid\u00bb angled_section=\u00bbno\u00bb text_align=\u00bbleft\u00bb background_image_as_pattern=\u00bbwithout_pattern\u00bb padding_top=\u00bb150&#8243; background_color=\u00bb#ffffff\u00bb padding_bottom=\u00bb95&#8243; z_index=\u00bb\u00bb][vc_column][vc_column_text] NUESTROS SERVICIOS [\/vc_column_text][vc_separator type=\u00bbsmall\u00bb position=\u00bbcenter\u00bb down=\u00bb38&#8243; up=\u00bb7&#8243;][vc_separator type=\u00bbtransparent\u00bb up=\u00bb62&#8243; down=\u00bb15&#8243;][vc_separator type=\u00bbtransparent\u00bb up=\u00bb26&#8243; down=\u00bb0&#8243;][\/vc_column][\/vc_row]<\/p>\n","protected":false},"author":1,"featured_media":0,"parent":0,"menu_order":0,"comment_status":"open","ping_status":"open","template":"full_width.php","meta":{"footnotes":""},"class_list":["post-13629","page","type-page","status-publish","hentry"],"_links":{"self":[{"href":"https:\/\/almaga.pe\/index.php?rest_route=\/wp\/v2\/pages\/13629","targetHints":{"allow":["GET"]}}],"collection":[{"href":"https:\/\/almaga.pe\/index.php?rest_route=\/wp\/v2\/pages"}],"about":[{"href":"https:\/\/almaga.pe\/index.php?rest_route=\/wp\/v2\/types\/page"}],"author":[{"embeddable":true,"href":"https:\/\/almaga.pe\/index.php?rest_route=\/wp\/v2\/users\/1"}],"replies":[{"embeddable":true,"href":"https:\/\/almaga.pe\/index.php?rest_route=%2Fwp%2Fv2%2Fcomments&post=13629"}],"version-history":[{"count":5,"href":"https:\/\/almaga.pe\/index.php?rest_route=\/wp\/v2\/pages\/13629\/revisions"}],"predecessor-version":[{"id":15706,"href":"https:\/\/almaga.pe\/index.php?rest_route=\/wp\/v2\/pages\/13629\/revisions\/15706"}],"wp:attachment":[{"href":"https:\/\/almaga.pe\/index.php?rest_route=%2Fwp%2Fv2%2Fmedia&parent=13629"}],"curies":[{"name":"wp","href":"https:\/\/api.w.org\/{rel}","templated":true}]}}