{"id":14869,"date":"2014-05-20T07:51:11","date_gmt":"2014-05-20T07:51:11","guid":{"rendered":"http:\/\/demo.qodeinteractive.com\/bridge11\/?page_id=14869"},"modified":"2024-03-03T04:59:15","modified_gmt":"2024-03-03T04:59:15","slug":"home","status":"publish","type":"page","link":"https:\/\/almaga.pe\/","title":{"rendered":"Inicio"},"content":{"rendered":"<section class=\"wpb-content-wrapper\"><p>[vc_row css_animation=\u00bb\u00bb row_type=\u00bbrow\u00bb use_row_as_full_screen_section=\u00bbno\u00bb type=\u00bbgrid\u00bb angled_section=\u00bbno\u00bb text_align=\u00bbleft\u00bb background_image_as_pattern=\u00bbwithout_pattern\u00bb padding_top=\u00bb109&#8243; padding_bottom=\u00bb76&#8243; background_color=\u00bb#f8f8f8&#8243;][vc_column][vc_row_inner row_type=\u00bbrow\u00bb type=\u00bbfull_width\u00bb text_align=\u00bbleft\u00bb css_animation=\u00bb\u00bb][vc_column_inner][vc_column_text]<\/p>\n<h3 style=\"text-align: center;\"><strong>Nuestros Servicios<\/strong><\/h3>\n<p>[\/vc_column_text][vc_separator type=\u00bbnormal\u00bb][\/vc_column_inner][vc_column_inner width=\u00bb1\/2&#8243;][vc_hoverbox image=\u00bb15654&#8243; primary_title=\u00bb\u00bb hover_title=\u00bbLimpieza Integral Especializada\u00bb][\/vc_hoverbox][\/vc_column_inner][vc_column_inner width=\u00bb1\/2&#8243;][vc_hoverbox image=\u00bb15655&#8243; primary_title=\u00bb\u00bb hover_title=\u00bbSANEAMIENTO AMBIENTAL Y CONTROL DE PLAGAS\u00bb][\/vc_hoverbox][\/vc_column_inner][\/vc_row_inner][vc_row_inner row_type=\u00bbrow\u00bb type=\u00bbfull_width\u00bb text_align=\u00bbleft\u00bb css_animation=\u00bb\u00bb padding_top=\u00bb20&#8243; padding_bottom=\u00bb20&#8243;][vc_column_inner width=\u00bb1\/2&#8243;][vc_hoverbox image=\u00bb15623&#8243; primary_title=\u00bb\u00bb hover_title=\u00bbMANTENIMIENTO GENERAL DE INSTALACIONES\u00bb][\/vc_hoverbox][\/vc_column_inner][vc_column_inner width=\u00bb1\/2&#8243;][vc_hoverbox image=\u00bb15657&#8243; primary_title=\u00bb\u00bb hover_title=\u00bbSERVICIOS DE JARDINER\u00cdA\u00bb][\/vc_hoverbox][\/vc_column_inner][\/vc_row_inner][\/vc_column][\/vc_row][vc_row row_type=\u00bbparallax\u00bb parallax_content_width=\u00bbin_grid\u00bb text_align=\u00bbleft\u00bb full_screen_section_height=\u00bbno\u00bb background_image=\u00bb15610&#8243;][vc_column][vc_separator type=\u00bbtransparent\u00bb up=\u00bb151&#8243; down=\u00bb151&#8243;][vc_row_inner row_type=\u00bbrow\u00bb type=\u00bbfull_width\u00bb text_align=\u00bbcenter\u00bb css_animation=\u00bb\u00bb][vc_column_inner][vc_column_text]<\/p>\n<h1 style=\"text-align: center;\">Calidad Garantizada<\/h1>\n<p>[\/vc_column_text][vc_separator type=\u00bbtransparent\u00bb up=\u00bb96&#8243; down=\u00bb0&#8243;]<blockquote class=' with_quote_icon' style='border-left-color: #2895bd;'><i class='fa fa-quote-right' style=''><\/i><h5 class='blockquote-text' style=''>Garantizamos a nuestros clientes un \u00edntegro servicio por medio de una gesti\u00f3n eficaz logrando eficiencia, ahorro y cuidado de las instalaciones asegurando as\u00ed el \u00f3ptimo desarrollo de sus actividades.<\/h5><\/blockquote>[vc_separator type=\u00bbsmall\u00bb position=\u00bbcenter\u00bb up=\u00bb19&#8243; down=\u00bb21&#8243; color=\u00bb#ffffff\u00bb transparency=\u00bb0.4&#8243;][\/vc_column_inner][\/vc_row_inner][vc_separator type=\u00bbtransparent\u00bb up=\u00bb151&#8243; down=\u00bb151&#8243;][\/vc_column][\/vc_row][vc_row css_animation=\u00bb\u00bb row_type=\u00bbrow\u00bb use_row_as_full_screen_section=\u00bbno\u00bb type=\u00bbgrid\u00bb angled_section=\u00bbno\u00bb text_align=\u00bbleft\u00bb background_image_as_pattern=\u00bbwithout_pattern\u00bb padding_top=\u00bb109&#8243; padding_bottom=\u00bb76&#8243; background_color=\u00bb#f8f8f8&#8243;][vc_column][vc_row_inner row_type=\u00bbrow\u00bb type=\u00bbfull_width\u00bb text_align=\u00bbleft\u00bb css_animation=\u00bb\u00bb][vc_column_inner width=\u00bb1\/3&#8243;]<div class='q_icon_with_title very_large circle center '><div class=\"icon_holder \" style=\"margin: 0px 0px 32px 0px; \"><span data-icon-type=\"circle\"   class=\"qode_iwt_icon_holder fa-stack fa-5x  \" style=\"font-size: 72px;border-color: #c2e6e9;\"><i class=\"qode_icon_font_awesome fa fa-bell qode_iwt_icon_element\" style=\"font-size: 40px;color: #2995bc;\" ><\/i><\/span><\/div><div class=\"icon_text_holder\" style=\"\"><div class=\"icon_text_inner\" style=\"\"><h5 class=\"icon_title\" style=\"\">COMUNICACI\u00d3N PERMANENTE CON EL CLIENTE.<\/h5><p style=''><\/p><\/div><\/div><\/div>[vc_separator type=\u00bbtransparent\u00bb up=\u00bb24&#8243; down=\u00bb0&#8243;][\/vc_column_inner][vc_column_inner width=\u00bb1\/3&#8243;]<div class='q_icon_with_title very_large circle center '><div class=\"icon_holder \" style=\"margin: 0px 0px 32px 0px; \"><span data-icon-type=\"circle\"   class=\"qode_iwt_icon_holder fa-stack fa-5x  \" style=\"font-size: 72px;border-color: #c2e6e9;\"><i class=\"qode_icon_font_awesome fa fa-star qode_iwt_icon_element\" style=\"font-size: 40px;color: #2995bc;\" ><\/i><\/span><\/div><div class=\"icon_text_holder\" style=\"\"><div class=\"icon_text_inner\" style=\"\"><h5 class=\"icon_title\" style=\"\">PERSONAL T\u00c9CNICO ESPECIALIZADO.<\/h5><p style=''><\/p><\/div><\/div><\/div>[vc_separator type=\u00bbtransparent\u00bb up=\u00bb24&#8243; down=\u00bb0&#8243;][\/vc_column_inner][vc_column_inner width=\u00bb1\/3&#8243;]<div class='q_icon_with_title very_large circle center '><div class=\"icon_holder \" style=\"margin: 0px 0px 32px 0px; \"><span data-icon-type=\"circle\"   class=\"qode_iwt_icon_holder fa-stack fa-5x  \" style=\"font-size: 72px;border-color: #c2e6e9;\"><i class=\"qode_icon_font_awesome fa fa-hourglass qode_iwt_icon_element\" style=\"font-size: 40px;color: #2995bc;\" ><\/i><\/span><\/div><div class=\"icon_text_holder\" style=\"\"><div class=\"icon_text_inner\" style=\"\"><h5 class=\"icon_title\" style=\"\">SOPORTE T\u00c9CNICO PERMANENTE.<\/h5><p style=''><\/p><\/div><\/div><\/div>[vc_separator type=\u00bbtransparent\u00bb up=\u00bb24&#8243; down=\u00bb0&#8243;][\/vc_column_inner][\/vc_row_inner][\/vc_column][\/vc_row][vc_row css_animation=\u00bb\u00bb row_type=\u00bbrow\u00bb use_row_as_full_screen_section=\u00bbno\u00bb type=\u00bbgrid\u00bb angled_section=\u00bbno\u00bb text_align=\u00bbleft\u00bb background_image_as_pattern=\u00bbwithout_pattern\u00bb padding_top=\u00bb40&#8243; padding_bottom=\u00bb20&#8243; background_color=\u00bb#e8e8e8&#8243; z_index=\u00bb\u00bb][vc_column][vc_row_inner row_type=\u00bbrow\u00bb type=\u00bbfull_width\u00bb text_align=\u00bbleft\u00bb css_animation=\u00bb\u00bb][vc_column_inner width=\u00bb1\/4&#8243;][\/vc_column_inner][vc_column_inner width=\u00bb1\/4&#8243;][vc_column_text]<\/p>\n<h4 style=\"text-align: center;\">SIGUENOS:<\/h4>\n<p>[\/vc_column_text][\/vc_column_inner][vc_column_inner width=\u00bb1\/4&#8243;]<span class='q_social_icon_holder circle_social' data-color=#ffffff ><a itemprop='url' href='https:\/\/www.instagram.com\/almaga.pe' target='_self'><span class='fa-stack fa-lg' style='background-color: #2ec0cd;'><i class=\"qode_icon_font_awesome fa fa-instagram \" style=\"color: #ffffff;\" ><\/i><\/span><\/a><\/span><span class='q_social_icon_holder circle_social' data-color=#ffffff ><a itemprop='url' href='https:\/\/www.facebook.com\/almagafacilityservices\/' target='_self'><span class='fa-stack fa-lg' style='background-color: #2ec0cd;'><i class=\"qode_icon_font_awesome fa fa-facebook \" style=\"color: #ffffff;\" ><\/i><\/span><\/a><\/span><span class='q_social_icon_holder circle_social' data-color=#ffffff ><a itemprop='url' href='https:\/\/www.linkedin.com\/in\/almaga-servicios-integrales-y-facility-services-741a7123a\/' target='_self'><span class='fa-stack fa-lg' style='background-color: #2ec0cd;'><i class=\"qode_icon_font_awesome fa fa-linkedin \" style=\"color: #ffffff;\" ><\/i><\/span><\/a><\/span>[\/vc_column_inner][vc_column_inner width=\u00bb1\/4&#8243;][\/vc_column_inner][\/vc_row_inner][\/vc_column][\/vc_row]<\/p>\n<\/section>","protected":false},"excerpt":{"rendered":"<p>[vc_row css_animation=\u00bb\u00bb row_type=\u00bbrow\u00bb use_row_as_full_screen_section=\u00bbno\u00bb type=\u00bbgrid\u00bb angled_section=\u00bbno\u00bb text_align=\u00bbleft\u00bb background_image_as_pattern=\u00bbwithout_pattern\u00bb padding_top=\u00bb109&#8243; padding_bottom=\u00bb76&#8243; background_color=\u00bb#f8f8f8&#8243;][vc_column][vc_row_inner row_type=\u00bbrow\u00bb type=\u00bbfull_width\u00bb text_align=\u00bbleft\u00bb css_animation=\u00bb\u00bb][vc_column_inner][vc_column_text] Nuestros Servicios [\/vc_column_text][vc_separator type=\u00bbnormal\u00bb][\/vc_column_inner][vc_column_inner width=\u00bb1\/2&#8243;][vc_hoverbox image=\u00bb15654&#8243; primary_title=\u00bb\u00bb hover_title=\u00bbLimpieza Integral Especializada\u00bb][\/vc_hoverbox][\/vc_column_inner][vc_column_inner width=\u00bb1\/2&#8243;][vc_hoverbox image=\u00bb15655&#8243; primary_title=\u00bb\u00bb hover_title=\u00bbSANEAMIENTO AMBIENTAL Y CONTROL DE PLAGAS\u00bb][\/vc_hoverbox][\/vc_column_inner][\/vc_row_inner][vc_row_inner row_type=\u00bbrow\u00bb type=\u00bbfull_width\u00bb text_align=\u00bbleft\u00bb css_animation=\u00bb\u00bb padding_top=\u00bb20&#8243; padding_bottom=\u00bb20&#8243;][vc_column_inner width=\u00bb1\/2&#8243;][vc_hoverbox image=\u00bb15623&#8243; primary_title=\u00bb\u00bb hover_title=\u00bbMANTENIMIENTO GENERAL&#8230;<\/p>\n","protected":false},"author":1,"featured_media":0,"parent":0,"menu_order":0,"comment_status":"open","ping_status":"open","template":"full_width.php","meta":{"footnotes":""},"class_list":["post-14869","page","type-page","status-publish","hentry"],"_links":{"self":[{"href":"https:\/\/almaga.pe\/index.php?rest_route=\/wp\/v2\/pages\/14869","targetHints":{"allow":["GET"]}}],"collection":[{"href":"https:\/\/almaga.pe\/index.php?rest_route=\/wp\/v2\/pages"}],"about":[{"href":"https:\/\/almaga.pe\/index.php?rest_route=\/wp\/v2\/types\/page"}],"author":[{"embeddable":true,"href":"https:\/\/almaga.pe\/index.php?rest_route=\/wp\/v2\/users\/1"}],"replies":[{"embeddable":true,"href":"https:\/\/almaga.pe\/index.php?rest_route=%2Fwp%2Fv2%2Fcomments&post=14869"}],"version-history":[{"count":4,"href":"https:\/\/almaga.pe\/index.php?rest_route=\/wp\/v2\/pages\/14869\/revisions"}],"predecessor-version":[{"id":15690,"href":"https:\/\/almaga.pe\/index.php?rest_route=\/wp\/v2\/pages\/14869\/revisions\/15690"}],"wp:attachment":[{"href":"https:\/\/almaga.pe\/index.php?rest_route=%2Fwp%2Fv2%2Fmedia&parent=14869"}],"curies":[{"name":"wp","href":"https:\/\/api.w.org\/{rel}","templated":true}]}}