{"id":15304,"date":"2014-06-03T08:37:24","date_gmt":"2014-06-03T08:37:24","guid":{"rendered":"http:\/\/demo.qodeinteractive.com\/bridge11\/?page_id=15304"},"modified":"2024-03-03T05:00:03","modified_gmt":"2024-03-03T05:00:03","slug":"about-us","status":"publish","type":"page","link":"https:\/\/almaga.pe\/?page_id=15304","title":{"rendered":"Nosotros"},"content":{"rendered":"<section class=\"wpb-content-wrapper\"><p>[vc_row css_animation=\u00bb\u00bb row_type=\u00bbrow\u00bb use_row_as_full_screen_section=\u00bbno\u00bb type=\u00bbgrid\u00bb angled_section=\u00bbno\u00bb text_align=\u00bbleft\u00bb background_image_as_pattern=\u00bbwithout_pattern\u00bb anchor=\u00bbportfolio\u00bb background_color=\u00bb#ffffff\u00bb z_index=\u00bb\u00bb padding_top=\u00bb150&#8243; padding_bottom=\u00bb30&#8243;][vc_column width=\u00bb1\/2&#8243;]<div class=\"custom_font_holder\" style=\"font-family: Montserrat; font-size: 30px; line-height: 36px; font-style: normal; font-weight: 700; color: #000000; text-decoration: none; letter-spacing: 1px; text-align: center;\">\u00bfQui\u00e9nes Somos?<\/div>[vc_separator type=\u00bbsmall\u00bb position=\u00bbcenter\u00bb up=\u00bb19&#8243; down=\u00bb21&#8243; color=\u00bb#e2e2e2&#8243; width=\u00bb65&#8243;][vc_column_text]<\/p>\n<p style=\"text-align: center;\"><b>ALMAGA, <\/b>es una empresa peruana que nace fundamentado en la adaptaci\u00f3n a las necesidades de nuestros clientes, somos un modelo integrado de gesti\u00f3n de los servicios operativos de instalaciones que garantizan eficiencia, ahorro y productividad.<\/p>\n<p>[\/vc_column_text][vc_separator type=\u00bbsmall\u00bb position=\u00bbcenter\u00bb up=\u00bb19&#8243; down=\u00bb21&#8243; color=\u00bb#e2e2e2&#8243; width=\u00bb65&#8243;][vc_column_text]<\/p>\n<p style=\"text-align: center;\">En <b>ALMAGA<\/b> brindamos\u00a0soluciones en mantenimiento de infraestructuras, equipos e instalaciones\u00a0de su empresa, con servicios t\u00e9cnicos de calidad, a trav\u00e9s de nuestras l\u00edneas de negocio:\u00a0<b><i>Limpieza Integral Especializada, Saneamiento Ambiental y Control de Plagas, Mantenimiento General de Instalaciones y Servicios de Jardiner\u00eda.<\/i><\/b><\/p>\n<p>[\/vc_column_text][vc_separator type=\u00bbtransparent\u00bb up=\u00bb10&#8243; down=\u00bb48&#8243;][\/vc_column][vc_column width=\u00bb1\/2&#8243;][vc_single_image image=\u00bb15695&#8243; img_size=\u00bbfull\u00bb alignment=\u00bbcenter\u00bb qode_css_animation=\u00bb\u00bb qode_hover_animation=\u00bbzoom_in\u00bb transition_delay=\u00bb0.6&#8243;][\/vc_column][\/vc_row][vc_row css_animation=\u00bb\u00bb row_type=\u00bbrow\u00bb use_row_as_full_screen_section=\u00bbno\u00bb type=\u00bbgrid\u00bb angled_section=\u00bbno\u00bb text_align=\u00bbleft\u00bb background_image_as_pattern=\u00bbwithout_pattern\u00bb anchor=\u00bbportfolio\u00bb background_color=\u00bb#f8f8f8&#8243; z_index=\u00bb\u00bb padding_bottom=\u00bb20&#8243; transition_delay=\u00bb0.8&#8243; padding_top=\u00bb40&#8243;][vc_column width=\u00bb1\/3&#8243;]<div class='q_icon_with_title tiny normal_icon center '><div class=\"icon_holder \" style=\" \"><span data-icon-type=\"normal\"   style=\"\" class=\"qode_iwt_icon_holder q_font_awsome_icon fa-lg  \"><i class=\"qode_icon_font_awesome fa fa-fighter-jet qode_iwt_icon_element\" style=\"\" ><\/i><\/span><\/div><div class=\"icon_text_holder\" style=\"\"><div class=\"icon_text_inner\" style=\"\"><h5 class=\"icon_title\" style=\"\">Atenci\u00f3n oportuna y eficaz<\/h5><p style=''><\/p><\/div><\/div><\/div>[\/vc_column][vc_column width=\u00bb1\/3&#8243;]<div class='q_icon_with_title tiny normal_icon center '><div class=\"icon_holder \" style=\" \"><span data-icon-type=\"normal\"   style=\"\" class=\"qode_iwt_icon_holder q_font_awsome_icon fa-lg  \"><i class=\"qode_icon_font_awesome fa fa-headphones qode_iwt_icon_element\" style=\"\" ><\/i><\/span><\/div><div class=\"icon_text_holder\" style=\"\"><div class=\"icon_text_inner\" style=\"\"><h5 class=\"icon_title\" style=\"\">Comunicaci\u00f3n permanente con el cliente<\/h5><p style=''><\/p><\/div><\/div><\/div>[\/vc_column][vc_column width=\u00bb1\/3&#8243;]<div class='q_icon_with_title tiny normal_icon center '><div class=\"icon_holder \" style=\" \"><span data-icon-type=\"normal\"   style=\"\" class=\"qode_iwt_icon_holder q_font_awsome_icon fa-lg  \"><i class=\"qode_icon_font_awesome fa fa-industry qode_iwt_icon_element\" style=\"\" ><\/i><\/span><\/div><div class=\"icon_text_holder\" style=\"\"><div class=\"icon_text_inner\" style=\"\"><h5 class=\"icon_title\" style=\"\">Soporte t\u00e9cnico especializado<\/h5><p style=''><\/p><\/div><\/div><\/div>[\/vc_column][\/vc_row][vc_row css_animation=\u00bb\u00bb row_type=\u00bbrow\u00bb use_row_as_full_screen_section=\u00bbno\u00bb type=\u00bbgrid\u00bb angled_section=\u00bbno\u00bb text_align=\u00bbleft\u00bb background_image_as_pattern=\u00bbwithout_pattern\u00bb padding_top=\u00bb79&#8243; padding_bottom=\u00bb92&#8243; anchor=\u00bbportfolio\u00bb z_index=\u00bb\u00bb background_color=\u00bb#ffffff\u00bb][vc_column width=\u00bb1\/2&#8243;]<div class=\"custom_font_holder\" style=\"font-family: Montserrat; font-size: 30px; line-height: 36px; font-style: normal; font-weight: 700; color: #000000; text-decoration: none; letter-spacing: 1px; text-align: center;\">MISI\u00d3N<\/div>[vc_separator type=\u00bbsmall\u00bb position=\u00bbcenter\u00bb up=\u00bb19&#8243; down=\u00bb21&#8243; color=\u00bb#e2e2e2&#8243; width=\u00bb65&#8243;][vc_column_text]<\/p>\n<p style=\"text-align: center;\"><span style=\"color: #949494;\">Garantizar a nuestros clientes un \u00edntegro servicio por medio de una gesti\u00f3n eficaz logrando eficiencia, ahorro y cuidado de las instalaciones asegurando as\u00ed el \u00f3ptimo desarrollo de sus actividades.<\/span><\/p>\n<p>[\/vc_column_text][\/vc_column][vc_column width=\u00bb1\/2&#8243;]<div class=\"custom_font_holder\" style=\"font-family: Montserrat; font-size: 30px; line-height: 36px; font-style: normal; font-weight: 700; color: #000000; text-decoration: none; letter-spacing: 1px; text-align: center;\">VISI\u00d3N<\/div>[vc_separator type=\u00bbsmall\u00bb position=\u00bbcenter\u00bb up=\u00bb19&#8243; down=\u00bb21&#8243; color=\u00bb#e2e2e2&#8243; width=\u00bb65&#8243;][vc_column_text]<\/p>\n<p style=\"text-align: center;\"><span style=\"color: #949494;\">Construirnos y consolidarnos como los mejores aliados en la gesti\u00f3n y operaci\u00f3n de servicios integrales a nivel nacional contribuyendo a la eficiencia de las empresas y desarrollo del pa\u00eds.<\/span><\/p>\n<p>[\/vc_column_text][\/vc_column][\/vc_row][vc_row css_animation=\u00bb\u00bb row_type=\u00bbrow\u00bb use_row_as_full_screen_section=\u00bbno\u00bb type=\u00bbgrid\u00bb angled_section=\u00bbno\u00bb text_align=\u00bbleft\u00bb background_image_as_pattern=\u00bbwithout_pattern\u00bb anchor=\u00bbportfolio\u00bb z_index=\u00bb\u00bb][vc_column][vc_separator type=\u00bbtransparent\u00bb up=\u00bb10&#8243; down=\u00bb48&#8243;]<div class=\"custom_font_holder\" style=\"font-family: Montserrat; font-size: 30px; line-height: 36px; font-style: normal; font-weight: 700; color: #000000; text-decoration: none; letter-spacing: 1px; text-align: center;\">NUESTROS VALORES<\/div>[vc_separator type=\u00bbsmall\u00bb position=\u00bbcenter\u00bb up=\u00bb19&#8243; down=\u00bb21&#8243; color=\u00bb#e2e2e2&#8243; width=\u00bb65&#8243;][\/vc_column][\/vc_row][vc_row css_animation=\u00bb\u00bb row_type=\u00bbrow\u00bb use_row_as_full_screen_section=\u00bbno\u00bb type=\u00bbgrid\u00bb angled_section=\u00bbno\u00bb text_align=\u00bbleft\u00bb background_image_as_pattern=\u00bbwithout_pattern\u00bb anchor=\u00bbportfolio\u00bb background_color=\u00bb#f8f8f8&#8243; z_index=\u00bb\u00bb padding_bottom=\u00bb20&#8243; transition_delay=\u00bb0.8&#8243;][vc_column width=\u00bb1\/5&#8243;]<div class='q_icon_with_title tiny normal_icon center '><div class=\"icon_holder \" style=\" \"><span data-icon-type=\"normal\"   style=\"\" class=\"qode_iwt_icon_holder q_font_awsome_icon fa-lg  \"><i class=\"qode_icon_font_awesome fa fa-check qode_iwt_icon_element\" style=\"\" ><\/i><\/span><\/div><div class=\"icon_text_holder\" style=\"\"><div class=\"icon_text_inner\" style=\"\"><h5 class=\"icon_title\" style=\"\">Vocaci\u00f3n de servicio<\/h5><p style=''><\/p><\/div><\/div><\/div>[\/vc_column][vc_column width=\u00bb1\/5&#8243;]<div class='q_icon_with_title tiny normal_icon center '><div class=\"icon_holder \" style=\" \"><span data-icon-type=\"normal\"   style=\"\" class=\"qode_iwt_icon_holder q_font_awsome_icon fa-lg  \"><i class=\"qode_icon_font_awesome fa fa-check qode_iwt_icon_element\" style=\"\" ><\/i><\/span><\/div><div class=\"icon_text_holder\" style=\"\"><div class=\"icon_text_inner\" style=\"\"><h5 class=\"icon_title\" style=\"\">Orientaci\u00f3n al cliente<\/h5><p style=''><\/p><\/div><\/div><\/div>[\/vc_column][vc_column width=\u00bb1\/5&#8243;]<div class='q_icon_with_title tiny normal_icon center '><div class=\"icon_holder \" style=\" \"><span data-icon-type=\"normal\"   style=\"\" class=\"qode_iwt_icon_holder q_font_awsome_icon fa-lg  \"><i class=\"qode_icon_font_awesome fa fa-check qode_iwt_icon_element\" style=\"\" ><\/i><\/span><\/div><div class=\"icon_text_holder\" style=\"\"><div class=\"icon_text_inner\" style=\"\"><h5 class=\"icon_title\" style=\"\">Honestidad<\/h5><p style=''><\/p><\/div><\/div><\/div>[\/vc_column][vc_column width=\u00bb1\/5&#8243;]<div class='q_icon_with_title tiny normal_icon center '><div class=\"icon_holder \" style=\" \"><span data-icon-type=\"normal\"   style=\"\" class=\"qode_iwt_icon_holder q_font_awsome_icon fa-lg  \"><i class=\"qode_icon_font_awesome fa fa-check qode_iwt_icon_element\" style=\"\" ><\/i><\/span><\/div><div class=\"icon_text_holder\" style=\"\"><div class=\"icon_text_inner\" style=\"\"><h5 class=\"icon_title\" style=\"\">Calidad<\/h5><p style=''><\/p><\/div><\/div><\/div>[\/vc_column][vc_column width=\u00bb1\/5&#8243;]<div class='q_icon_with_title tiny normal_icon center '><div class=\"icon_holder \" style=\" \"><span data-icon-type=\"normal\"   style=\"\" class=\"qode_iwt_icon_holder q_font_awsome_icon fa-lg  \"><i class=\"qode_icon_font_awesome fa fa-check qode_iwt_icon_element\" style=\"\" ><\/i><\/span><\/div><div class=\"icon_text_holder\" style=\"\"><div class=\"icon_text_inner\" style=\"\"><h5 class=\"icon_title\" style=\"\">Responsabilidad Ambiental<\/h5><p style=''><\/p><\/div><\/div><\/div>[\/vc_column][\/vc_row]<\/p>\n<\/section>","protected":false},"excerpt":{"rendered":"<p>[vc_row css_animation=\u00bb\u00bb row_type=\u00bbrow\u00bb use_row_as_full_screen_section=\u00bbno\u00bb type=\u00bbgrid\u00bb angled_section=\u00bbno\u00bb text_align=\u00bbleft\u00bb background_image_as_pattern=\u00bbwithout_pattern\u00bb anchor=\u00bbportfolio\u00bb background_color=\u00bb#ffffff\u00bb z_index=\u00bb\u00bb padding_top=\u00bb150&#8243; padding_bottom=\u00bb30&#8243;][vc_column width=\u00bb1\/2&#8243;][vc_separator type=\u00bbsmall\u00bb position=\u00bbcenter\u00bb up=\u00bb19&#8243; down=\u00bb21&#8243; color=\u00bb#e2e2e2&#8243; width=\u00bb65&#8243;][vc_column_text] ALMAGA, es una empresa peruana que nace fundamentado en la adaptaci\u00f3n a las necesidades de nuestros clientes, somos un modelo integrado de gesti\u00f3n de los&#8230;<\/p>\n","protected":false},"author":1,"featured_media":0,"parent":0,"menu_order":0,"comment_status":"open","ping_status":"open","template":"full_width.php","meta":{"footnotes":""},"class_list":["post-15304","page","type-page","status-publish","hentry"],"_links":{"self":[{"href":"https:\/\/almaga.pe\/index.php?rest_route=\/wp\/v2\/pages\/15304","targetHints":{"allow":["GET"]}}],"collection":[{"href":"https:\/\/almaga.pe\/index.php?rest_route=\/wp\/v2\/pages"}],"about":[{"href":"https:\/\/almaga.pe\/index.php?rest_route=\/wp\/v2\/types\/page"}],"author":[{"embeddable":true,"href":"https:\/\/almaga.pe\/index.php?rest_route=\/wp\/v2\/users\/1"}],"replies":[{"embeddable":true,"href":"https:\/\/almaga.pe\/index.php?rest_route=%2Fwp%2Fv2%2Fcomments&post=15304"}],"version-history":[{"count":5,"href":"https:\/\/almaga.pe\/index.php?rest_route=\/wp\/v2\/pages\/15304\/revisions"}],"predecessor-version":[{"id":15701,"href":"https:\/\/almaga.pe\/index.php?rest_route=\/wp\/v2\/pages\/15304\/revisions\/15701"}],"wp:attachment":[{"href":"https:\/\/almaga.pe\/index.php?rest_route=%2Fwp%2Fv2%2Fmedia&parent=15304"}],"curies":[{"name":"wp","href":"https:\/\/api.w.org\/{rel}","templated":true}]}}